{"id":11796,"date":"2026-04-29T16:23:42","date_gmt":"2026-04-29T16:23:42","guid":{"rendered":"https:\/\/iliosrestaurante.com.mx\/menudigital\/?page_id=11796"},"modified":"2026-04-29T23:14:11","modified_gmt":"2026-04-29T23:14:11","slug":"festival-del-whisky-tulum","status":"publish","type":"page","link":"https:\/\/iliosrestaurante.com.mx\/menudigital\/festival-del-whisky-tulum\/","title":{"rendered":"Festival Del Whisky Tulum"},"content":{"rendered":"\t\t<div data-elementor-type=\"wp-page\" data-elementor-id=\"11796\" class=\"elementor elementor-11796\">\r\n\t\t\t\t\t\t\t\t\t<section class=\"elementor-section elementor-top-section elementor-element elementor-element-bb731f3 elementor-section-full_width ot-traditional elementor-section-height-default elementor-section-height-default\" data-id=\"bb731f3\" data-element_type=\"section\">\r\n\t\t\t\t\t\t<div class=\"elementor-container elementor-column-gap-custom\">\r\n\t\t\t\t\t<div class=\"elementor-column elementor-col-100 elementor-top-column elementor-element elementor-element-59dc158 ot-flex-column-vertical\" data-id=\"59dc158\" data-element_type=\"column\">\r\n\t\t\t<div class=\"elementor-widget-wrap elementor-element-populated\">\r\n\t\t\t\t\t\t\t\t<section class=\"elementor-section elementor-inner-section elementor-element elementor-element-766d29b elementor-section-full_width elementor-section-content-middle elementor-section-height-default elementor-section-height-default\" data-id=\"766d29b\" data-element_type=\"section\">\r\n\t\t\t\t\t\t<div class=\"elementor-container elementor-column-gap-default\">\r\n\t\t\t\t\t<div class=\"elementor-column elementor-col-25 elementor-inner-column elementor-element elementor-element-de5ec57 ot-flex-column-vertical\" data-id=\"de5ec57\" data-element_type=\"column\" data-settings=\"{&quot;background_background&quot;:&quot;classic&quot;}\">\r\n\t\t\t<div class=\"elementor-widget-wrap elementor-element-populated\">\r\n\t\t\t\t\t\t\t\t<div class=\"elementor-element elementor-element-5f0b828 elementor-widget elementor-widget-image\" data-id=\"5f0b828\" data-element_type=\"widget\" data-widget_type=\"image.default\">\r\n\t\t\t\t<div class=\"elementor-widget-container\">\r\n\t\t\t<style>\/*! elementor - v3.6.4 - 13-04-2022 *\/\n.elementor-widget-image{text-align:center}.elementor-widget-image a{display:inline-block}.elementor-widget-image a img[src$=\".svg\"]{width:48px}.elementor-widget-image img{vertical-align:middle;display:inline-block}<\/style>\t\t\t\t\t\t\t\t\t\t\t\t<img loading=\"lazy\" decoding=\"async\" width=\"768\" height=\"384\" src=\"https:\/\/iliosrestaurante.com.mx\/menudigital\/wp-content\/uploads\/2026\/04\/FDW-Logo-ESP-Negro-768x384.png\" class=\"attachment-medium_large size-medium_large\" alt=\"\" srcset=\"https:\/\/iliosrestaurante.com.mx\/menudigital\/wp-content\/uploads\/2026\/04\/FDW-Logo-ESP-Negro-768x384.png 768w, https:\/\/iliosrestaurante.com.mx\/menudigital\/wp-content\/uploads\/2026\/04\/FDW-Logo-ESP-Negro-300x150.png 300w, https:\/\/iliosrestaurante.com.mx\/menudigital\/wp-content\/uploads\/2026\/04\/FDW-Logo-ESP-Negro-720x360.png 720w, https:\/\/iliosrestaurante.com.mx\/menudigital\/wp-content\/uploads\/2026\/04\/FDW-Logo-ESP-Negro.png 800w\" sizes=\"(max-width: 768px) 100vw, 768px\" \/>\t\t\t\t\t\t\t\t\t\t\t\t\t\t\t<\/div>\r\n\t\t\t\t<\/div>\r\n\t\t\t\t<div class=\"elementor-element elementor-element-65356cf elementor-widget elementor-widget-image\" data-id=\"65356cf\" data-element_type=\"widget\" data-widget_type=\"image.default\">\r\n\t\t\t\t<div class=\"elementor-widget-container\">\r\n\t\t\t\t\t\t\t\t\t\t\t\t\t\t\t<img decoding=\"async\" src=\"https:\/\/iliosrestaurante.com.mx\/menudigital\/wp-content\/uploads\/elementor\/thumbs\/IL_Festival-del-Whisky_SUNRISE-PARADISE_QR-rmqnyfs9x39u2isbb0vs1vwrnm73zhfjs9owxjvfrc.jpg\" title=\"IL_Festival del Whisky_SUNRISE PARADISE_QR\" alt=\"IL_Festival del Whisky_SUNRISE PARADISE_QR\" \/>\t\t\t\t\t\t\t\t\t\t\t\t\t\t\t<\/div>\r\n\t\t\t\t<\/div>\r\n\t\t\t\t<div class=\"elementor-element elementor-element-97e7ece elementor-widget elementor-widget-text-editor\" data-id=\"97e7ece\" data-element_type=\"widget\" data-widget_type=\"text-editor.default\">\r\n\t\t\t\t<div class=\"elementor-widget-container\">\r\n\t\t\t<style>\/*! elementor - v3.6.4 - 13-04-2022 *\/\n.elementor-widget-text-editor.elementor-drop-cap-view-stacked .elementor-drop-cap{background-color:#818a91;color:#fff}.elementor-widget-text-editor.elementor-drop-cap-view-framed .elementor-drop-cap{color:#818a91;border:3px solid;background-color:transparent}.elementor-widget-text-editor:not(.elementor-drop-cap-view-default) .elementor-drop-cap{margin-top:8px}.elementor-widget-text-editor:not(.elementor-drop-cap-view-default) .elementor-drop-cap-letter{width:1em;height:1em}.elementor-widget-text-editor .elementor-drop-cap{float:left;text-align:center;line-height:1;font-size:50px}.elementor-widget-text-editor .elementor-drop-cap-letter{display:inline-block}<\/style>\t\t\t\t\t\t\t\t\t\t<\/div>\r\n\t\t\t\t<\/div>\r\n\t\t\t\t<div class=\"elementor-element elementor-element-674a6f7 elementor-widget elementor-widget-heading\" data-id=\"674a6f7\" data-element_type=\"widget\" data-widget_type=\"heading.default\">\r\n\t\t\t\t<div class=\"elementor-widget-container\">\r\n\t\t\t<style>\/*! elementor - v3.6.4 - 13-04-2022 *\/\n.elementor-heading-title{padding:0;margin:0;line-height:1}.elementor-widget-heading .elementor-heading-title[class*=elementor-size-]>a{color:inherit;font-size:inherit;line-height:inherit}.elementor-widget-heading .elementor-heading-title.elementor-size-small{font-size:15px}.elementor-widget-heading .elementor-heading-title.elementor-size-medium{font-size:19px}.elementor-widget-heading .elementor-heading-title.elementor-size-large{font-size:29px}.elementor-widget-heading .elementor-heading-title.elementor-size-xl{font-size:39px}.elementor-widget-heading .elementor-heading-title.elementor-size-xxl{font-size:59px}<\/style><h2 class=\"elementor-heading-title elementor-size-default\">SUNRISE PARADISE  <\/h2>\t\t<\/div>\r\n\t\t\t\t<\/div>\r\n\t\t\t\t<div class=\"elementor-element elementor-element-d7bf101 elementor-widget elementor-widget-text-editor\" data-id=\"d7bf101\" data-element_type=\"widget\" data-widget_type=\"text-editor.default\">\r\n\t\t\t\t<div class=\"elementor-widget-container\">\r\n\t\t\t\t\t\t\t<p>J.W. Gold Label 45 ml, Galliano 15 ml, pi\u00f1a, maracuy\u00e1, lim\u00f3n, vainilla y bitters<\/p>\t\t\t\t\t\t<\/div>\r\n\t\t\t\t<\/div>\r\n\t\t\t\t<div class=\"elementor-element elementor-element-e12822e elementor-widget elementor-widget-text-editor\" data-id=\"e12822e\" data-element_type=\"widget\" data-widget_type=\"text-editor.default\">\r\n\t\t\t\t<div class=\"elementor-widget-container\">\r\n\t\t\t\t\t\t\t<p>$390<\/p>\t\t\t\t\t\t<\/div>\r\n\t\t\t\t<\/div>\r\n\t\t\t\t<div class=\"elementor-element elementor-element-abb9dd3 elementor-widget elementor-widget-text-editor\" data-id=\"abb9dd3\" data-element_type=\"widget\" data-widget_type=\"text-editor.default\">\r\n\t\t\t\t<div class=\"elementor-widget-container\">\r\n\t\t\t\t\t\t\t\t\t\t\t\t\t<\/div>\r\n\t\t\t\t<\/div>\r\n\t\t\t\t\t<\/div>\r\n\t\t<\/div>\r\n\t\t\t\t<div class=\"elementor-column elementor-col-25 elementor-inner-column elementor-element elementor-element-c3e9119 ot-flex-column-vertical\" data-id=\"c3e9119\" data-element_type=\"column\" data-settings=\"{&quot;background_background&quot;:&quot;classic&quot;}\">\r\n\t\t\t<div class=\"elementor-widget-wrap elementor-element-populated\">\r\n\t\t\t\t\t\t\t\t<div class=\"elementor-element elementor-element-7253001 elementor-widget elementor-widget-image\" data-id=\"7253001\" data-element_type=\"widget\" data-widget_type=\"image.default\">\r\n\t\t\t\t<div class=\"elementor-widget-container\">\r\n\t\t\t\t\t\t\t\t\t\t\t\t\t\t\t<img decoding=\"async\" src=\"https:\/\/iliosrestaurante.com.mx\/menudigital\/wp-content\/uploads\/elementor\/thumbs\/IL_Festival-del-Whisky_GREEN-HIGHBALL_QR-rmqo3tf10ymwi6z1wckxbj1q0zoq14s96w2xsjwc5k.jpg\" title=\"IL_Festival del Whisky_GREEN HIGHBALL_QR\" alt=\"IL_Festival del Whisky_GREEN HIGHBALL_QR\" \/>\t\t\t\t\t\t\t\t\t\t\t\t\t\t\t<\/div>\r\n\t\t\t\t<\/div>\r\n\t\t\t\t<div class=\"elementor-element elementor-element-76cc799 elementor-widget elementor-widget-text-editor\" data-id=\"76cc799\" data-element_type=\"widget\" data-widget_type=\"text-editor.default\">\r\n\t\t\t\t<div class=\"elementor-widget-container\">\r\n\t\t\t\t\t\t\t\t\t\t\t\t\t<\/div>\r\n\t\t\t\t<\/div>\r\n\t\t\t\t<div class=\"elementor-element elementor-element-621da56 elementor-widget elementor-widget-heading\" data-id=\"621da56\" data-element_type=\"widget\" data-widget_type=\"heading.default\">\r\n\t\t\t\t<div class=\"elementor-widget-container\">\r\n\t\t\t<h2 class=\"elementor-heading-title elementor-size-default\">GREEN HIGHBALL <\/h2>\t\t<\/div>\r\n\t\t\t\t<\/div>\r\n\t\t\t\t<div class=\"elementor-element elementor-element-fafdc05 elementor-widget elementor-widget-text-editor\" data-id=\"fafdc05\" data-element_type=\"widget\" data-widget_type=\"text-editor.default\">\r\n\t\t\t\t<div class=\"elementor-widget-container\">\r\n\t\t\t\t\t\t\t<p>Buchanan\u2019s 18 45 ml, jugo de pepino, jarabe de lemongrass, lim\u00f3n y soda ra\u00edz<\/p>\t\t\t\t\t\t<\/div>\r\n\t\t\t\t<\/div>\r\n\t\t\t\t<div class=\"elementor-element elementor-element-076eb55 elementor-widget elementor-widget-text-editor\" data-id=\"076eb55\" data-element_type=\"widget\" data-widget_type=\"text-editor.default\">\r\n\t\t\t\t<div class=\"elementor-widget-container\">\r\n\t\t\t\t\t\t\t<p>$420<\/p>\t\t\t\t\t\t<\/div>\r\n\t\t\t\t<\/div>\r\n\t\t\t\t<div class=\"elementor-element elementor-element-dea4c65 elementor-widget elementor-widget-text-editor\" data-id=\"dea4c65\" data-element_type=\"widget\" data-widget_type=\"text-editor.default\">\r\n\t\t\t\t<div class=\"elementor-widget-container\">\r\n\t\t\t\t\t\t\t\t\t\t\t\t\t<\/div>\r\n\t\t\t\t<\/div>\r\n\t\t\t\t\t<\/div>\r\n\t\t<\/div>\r\n\t\t\t\t<div class=\"elementor-column elementor-col-25 elementor-inner-column elementor-element elementor-element-361621c ot-flex-column-vertical\" data-id=\"361621c\" data-element_type=\"column\" data-settings=\"{&quot;background_background&quot;:&quot;classic&quot;}\">\r\n\t\t\t<div class=\"elementor-widget-wrap elementor-element-populated\">\r\n\t\t\t\t\t\t\t\t<div class=\"elementor-element elementor-element-99dd76a elementor-widget elementor-widget-text-editor\" data-id=\"99dd76a\" data-element_type=\"widget\" data-widget_type=\"text-editor.default\">\r\n\t\t\t\t<div class=\"elementor-widget-container\">\r\n\t\t\t\t\t\t\t\t\t\t\t\t\t<\/div>\r\n\t\t\t\t<\/div>\r\n\t\t\t\t<div class=\"elementor-element elementor-element-c7ce4d8 elementor-widget elementor-widget-text-editor\" data-id=\"c7ce4d8\" data-element_type=\"widget\" data-widget_type=\"text-editor.default\">\r\n\t\t\t\t<div class=\"elementor-widget-container\">\r\n\t\t\t\t\t\t\t\t\t\t\t\t\t<\/div>\r\n\t\t\t\t<\/div>\r\n\t\t\t\t\t<\/div>\r\n\t\t<\/div>\r\n\t\t\t\t<div class=\"elementor-column elementor-col-25 elementor-inner-column elementor-element elementor-element-b7b99b8 ot-flex-column-vertical\" data-id=\"b7b99b8\" data-element_type=\"column\" data-settings=\"{&quot;background_background&quot;:&quot;classic&quot;}\">\r\n\t\t\t<div class=\"elementor-widget-wrap elementor-element-populated\">\r\n\t\t\t\t\t\t\t\t\t<\/div>\r\n\t\t<\/div>\r\n\t\t\t\t\t\t\t<\/div>\r\n\t\t<\/section>\r\n\t\t\t\t\t<\/div>\r\n\t\t<\/div>\r\n\t\t\t\t\t\t\t<\/div>\r\n\t\t<\/section>\r\n\t\t\t\t\t\t\t<\/div>\r\n\t\t","protected":false},"excerpt":{"rendered":"<p>SUNRISE PARADISE J.W. Gold Label 45 ml, Galliano 15 ml, pi\u00f1a, maracuy\u00e1, lim\u00f3n, vainilla y bitters $390 GREEN HIGHBALL Buchanan\u2019s 18 45 ml, jugo de pepino, jarabe de lemongrass, lim\u00f3n y soda ra\u00edz $420<\/p>\n","protected":false},"author":1,"featured_media":0,"parent":0,"menu_order":0,"comment_status":"closed","ping_status":"closed","template":"","meta":{"footnotes":""},"_links":{"self":[{"href":"https:\/\/iliosrestaurante.com.mx\/menudigital\/wp-json\/wp\/v2\/pages\/11796"}],"collection":[{"href":"https:\/\/iliosrestaurante.com.mx\/menudigital\/wp-json\/wp\/v2\/pages"}],"about":[{"href":"https:\/\/iliosrestaurante.com.mx\/menudigital\/wp-json\/wp\/v2\/types\/page"}],"author":[{"embeddable":true,"href":"https:\/\/iliosrestaurante.com.mx\/menudigital\/wp-json\/wp\/v2\/users\/1"}],"replies":[{"embeddable":true,"href":"https:\/\/iliosrestaurante.com.mx\/menudigital\/wp-json\/wp\/v2\/comments?post=11796"}],"version-history":[{"count":4,"href":"https:\/\/iliosrestaurante.com.mx\/menudigital\/wp-json\/wp\/v2\/pages\/11796\/revisions"}],"predecessor-version":[{"id":11835,"href":"https:\/\/iliosrestaurante.com.mx\/menudigital\/wp-json\/wp\/v2\/pages\/11796\/revisions\/11835"}],"wp:attachment":[{"href":"https:\/\/iliosrestaurante.com.mx\/menudigital\/wp-json\/wp\/v2\/media?parent=11796"}],"curies":[{"name":"wp","href":"https:\/\/api.w.org\/{rel}","templated":true}]}}